{"id":2,"date":"2016-05-10T03:48:21","date_gmt":"2016-05-10T03:48:21","guid":{"rendered":"http:\/\/hofstaetter-see.de\/?page_id=2"},"modified":"2018-09-03T12:14:40","modified_gmt":"2018-09-03T12:14:40","slug":"sample-page","status":"publish","type":"page","link":"http:\/\/hofstaetter-see.de\/?page_id=2","title":{"rendered":"Mehr zum Hofst\u00e4tter See"},"content":{"rendered":"<p class=\"m_2487011435853395806gmail-Normal\" align=\"justify\">Der Hofst\u00e4tter See\u00a0ist ein weitgehend umwaldeter, 0,58 Hektar gro\u00dfer See in Oberbayern.\u00a0Als w\u00e4rmster See im Landkreis bietet er schon im Fr\u00fchsommer die M\u00f6glichkeit zu Baden. Die Gegend um den See und das umliegende Erholungsgebiet ist nicht nur ein idyllisches Pl\u00e4tzchen f\u00fcr Badeg\u00e4ste. Auch f\u00fcr Spazierg\u00e4nger lohnt sich ein Besuch in die unber\u00fchrte H\u00fcgellandschaft. Das flache Seeufer und ein kleiner Strand mit grobem Sand sind vor allem f\u00fcr Kinder ideal.\u00a0Der Hofst\u00e4tter See verspricht im Sommer Abk\u00fchlung, eine Einkehrm\u00f6glichkeit gibt es an dem, nur ca. 500 m entfernten Badeplatz mit dem Kiosk Strandhaus der zu Fu\u00df in 10 Minuten erreichbar ist. Es gibt aber noch eine sehr ruhig gelegene zweite Badestelle, einen Waldbadeplatz auf der anderen Seite in 2,2 km entfernung, der in nur 6 Minuten mit dem Auto zu erreichen ist.<\/p>\n<p class=\"m_2487011435853395806gmail-Normal\" align=\"justify\">Im Winter friert der See schnell zu und bietet Schlittschuhl\u00e4ufern und Stocksch\u00fctzen weitl\u00e4ufige M\u00f6glichkeiten.<\/p>\n<p class=\"m_2487011435853395806gmail-Normal\" align=\"justify\"><b>Essen &amp; Trinken:<\/b><\/p>\n<p class=\"m_2487011435853395806gmail-Normal\" align=\"justify\">In idyllischer Lage direkt am See gibt es den kleinen Kiosk das Strandhaus. Im Strandhaus werden Brotzeiten, Salate, Kaffee und Kuchen sowie Getr\u00e4nke angeboten. In regelm\u00e4\u00dfigen Abst\u00e4nden gibt es Grillabende und Steckerfischgrillen.<\/p>\n<p class=\"m_2487011435853395806gmail-Normal\" align=\"justify\"><b>Sonstiges:<\/b><\/p>\n<p class=\"m_2487011435853395806gmail-Normal\" align=\"justify\">Ein herrlicher Spazierweg f\u00fchrt rund um den Hofst\u00e4tter See.<\/p>\n<p class=\"m_2487011435853395806gmail-Normal\" align=\"justify\">Dauer (einfach): 1:00 h\u00a0\u00a0\u00a0\u00a0\u00a0\u00a0L\u00e4nge (einfach): 2,8 km\u00a0\u00a0\u00a0\u00a0\u00a0\u00a0H\u00f6henmeter: 20 Hm<\/p>\n<p class=\"m_2487011435853395806gmail-Normal\" align=\"justify\">Im s\u00fcd\u00f6stlichen Teil\u00a0sind 14 Lehrtafeln angebracht, die als &#8222;Moorlehrpfad Burger Moos&#8220; interessante Informationen \u00fcber Pflanzen, Tiere und Leben im Moor vermitteln.<\/p>\n<p class=\"m_2487011435853395806gmail-Normal\" align=\"justify\">Die Moorwanderung beginnt entlang des Ufers des Hofst\u00e4tter Sees. Weiter geht es durch den Wald und \u00fcber einen Holzsteg gelangt man in das Moor. \u00dcber die Entstehung eines Moores sowie die darin befindlichen Lebewesen geben die 14 informativen Lehrtafeln Auskunft. Besonders beliebt ist der Aussichtsturm, der einen weiten Blick \u00fcber Moor und See erm\u00f6glicht. Das Burger Moos ist ein Rarit\u00e4tenkabinett &#8211; \u00fcber 70 seltene und bedrohte Pflanzenarten der Roten Liste Deutschlands sind dort beheimatet. Dieses Biotop w\u00e4chst bereits seit \u00fcber 10.000 Jahren.<\/p>\n<p class=\"m_2487011435853395806gmail-Normal\" align=\"justify\">Alternativ kann die Tour auch als Rundweg um den Hofst\u00e4tter See zur\u00fcck zum Ausgangspunkt erweitert werden (ca. 3,5 km \/ 1 Stunde).<\/p>\n<p class=\"m_2487011435853395806gmail-Normal\" align=\"justify\"><b>Alle Infos auf einen Blick:<\/b><\/p>\n<p class=\"m_2487011435853395806gmail-Normal\" align=\"justify\">&#8211; gute Wasserqualit\u00e4t<\/p>\n<p class=\"m_2487011435853395806gmail-Normal\" align=\"justify\">&#8211; Liegewiese<\/p>\n<p class=\"m_2487011435853395806gmail-Normal\" align=\"justify\">&#8211; flaches Seeufer<\/p>\n<p class=\"m_2487011435853395806gmail-Normal\" align=\"justify\">&#8211; Kleiner Sandstrand<\/p>\n<p class=\"m_2487011435853395806gmail-Normal\" align=\"justify\">&#8211; Parkplatz<\/p>\n<p class=\"m_2487011435853395806gmail-Normal\" align=\"justify\">&#8211; Kiosk<\/p>\n<p class=\"m_2487011435853395806gmail-Normal\" align=\"justify\"><b>Benachbarte Seen:<\/b><\/p>\n<p class=\"m_2487011435853395806gmail-Normal\" align=\"justify\"><a href=\"https:\/\/www.merkur.de\/service-navigator\/badeseen\/badeseen-special-rinssee-835368.html\" target=\"_blank\" rel=\"noopener\" data-saferedirecturl=\"https:\/\/www.google.com\/url?hl=de&amp;q=https:\/\/www.merkur.de\/service-navigator\/badeseen\/badeseen-special-rinssee-835368.html&amp;source=gmail&amp;ust=1530177775504000&amp;usg=AFQjCNFp2lnZgZ83jMtAO4wSjma3rSi4pg\">der ca. 2,9 km entfernte Rinser See. Mit dem Auto erreicht man diesen in ca. 5 Minuten und zu Fu\u00df in 39 Minuten. Neben dem Rinser See liegt auch der kleine Siflinger See.<\/a><\/p>\n<p class=\"m_2487011435853395806gmail-Normal\" align=\"justify\"><a href=\"https:\/\/de.wikipedia.org\/wiki\/Simssee\">Simssee ca. 6 km\/10 Minuten Fahrt<\/a><\/p>\n<p class=\"m_2487011435853395806gmail-Normal\" align=\"justify\"><a href=\"https:\/\/de.wikipedia.org\/wiki\/Chiemsee\">Chiemsee ca. 19 km\/20 Minuten Fahrt<\/a><\/p>\n<p align=\"justify\">\n<div class=\"yj6qo\"><\/div>\n","protected":false},"excerpt":{"rendered":"<p>Der Hofst\u00e4tter See\u00a0ist ein weitgehend umwaldeter, 0,58 Hektar gro\u00dfer See in Oberbayern.\u00a0Als w\u00e4rmster See im Landkreis bietet er schon im &hellip; <\/p>\n<p><a href=\"http:\/\/hofstaetter-see.de\/?page_id=2\" class=\"more-link\">weiterlesen<\/a><\/p>\n","protected":false},"author":1,"featured_media":0,"parent":0,"menu_order":0,"comment_status":"closed","ping_status":"open","template":"","meta":[],"_links":{"self":[{"href":"http:\/\/hofstaetter-see.de\/index.php?rest_route=\/wp\/v2\/pages\/2"}],"collection":[{"href":"http:\/\/hofstaetter-see.de\/index.php?rest_route=\/wp\/v2\/pages"}],"about":[{"href":"http:\/\/hofstaetter-see.de\/index.php?rest_route=\/wp\/v2\/types\/page"}],"author":[{"embeddable":true,"href":"http:\/\/hofstaetter-see.de\/index.php?rest_route=\/wp\/v2\/users\/1"}],"replies":[{"embeddable":true,"href":"http:\/\/hofstaetter-see.de\/index.php?rest_route=%2Fwp%2Fv2%2Fcomments&post=2"}],"version-history":[{"count":9,"href":"http:\/\/hofstaetter-see.de\/index.php?rest_route=\/wp\/v2\/pages\/2\/revisions"}],"predecessor-version":[{"id":52,"href":"http:\/\/hofstaetter-see.de\/index.php?rest_route=\/wp\/v2\/pages\/2\/revisions\/52"}],"wp:attachment":[{"href":"http:\/\/hofstaetter-see.de\/index.php?rest_route=%2Fwp%2Fv2%2Fmedia&parent=2"}],"curies":[{"name":"wp","href":"https:\/\/api.w.org\/{rel}","templated":true}]}}